{"id":86,"date":"2009-12-22T17:47:07","date_gmt":"2009-12-22T16:47:07","guid":{"rendered":"http:\/\/deranimateur.at\/?page_id=86"},"modified":"2009-12-22T17:47:07","modified_gmt":"2009-12-22T16:47:07","slug":"sportanimation","status":"publish","type":"page","link":"https:\/\/deranimateur.at\/?page_id=86","title":{"rendered":"Sportanimation"},"content":{"rendered":"<p><a href=\"http:\/\/deranimateur.at\/wp-content\/uploads\/2009\/12\/darts-1.jpg\"><img loading=\"lazy\" decoding=\"async\" class=\"alignright size-medium wp-image-185\" title=\"darts-1\" src=\"http:\/\/deranimateur.at\/wp-content\/uploads\/2009\/12\/darts-1-300x225.jpg\" alt=\"\" width=\"180\" height=\"135\" srcset=\"https:\/\/deranimateur.at\/wp-content\/uploads\/2009\/12\/darts-1-300x225.jpg 300w, https:\/\/deranimateur.at\/wp-content\/uploads\/2009\/12\/darts-1-768x576.jpg 768w, https:\/\/deranimateur.at\/wp-content\/uploads\/2009\/12\/darts-1.jpg 800w\" sizes=\"auto, (max-width: 180px) 100vw, 180px\" \/><\/a>Um als SportanimateurIn arbeiten zu k\u00f6nnen, ist es erforderlich, eine Ausbildung in einer oder mehreren Sportarten zu besitzen. Wenn du also gepr\u00fcfter Nordic Walking Guide, Mountainbiketrainer oder Fitnesscoach bist, wenn du eine Aerobic- oder Tanzausbildung hast oder fertiger Sportlehrer bist, dann kannst du hier in einer einzigartigen Naturkulisse dein Hobby zum Beruf machen.<\/p>\n<p>Wir bieten unseren G\u00e4sten t\u00e4glich ein qualitativ hochwertiges Sportprogramm an, das sich besonders aus den S\u00e4ulen <strong>Radsport, Nordic Walking und Fitness <\/strong>zusammensetzt. Dabei werden auch viele Ausfl\u00fcge und Touren unternommen, die nicht nur den G\u00e4sten die M\u00f6glichkeit bieten, ihre Umgebung ein wenig n\u00e4her kennen zu lernen, sondern auch dir unvergessliche Eindr\u00fccke und Erlebnisse bescheren.<\/p>\n<p><img loading=\"lazy\" decoding=\"async\" class=\"alignright  wp-image-179\" title=\"beachvolleyball-1\" src=\"http:\/\/deranimateur.at\/wp-content\/uploads\/2009\/12\/beachvolleyball-1-300x225.jpg\" alt=\"\" width=\"180\" height=\"135\" srcset=\"https:\/\/deranimateur.at\/wp-content\/uploads\/2009\/12\/beachvolleyball-1-300x225.jpg 300w, https:\/\/deranimateur.at\/wp-content\/uploads\/2009\/12\/beachvolleyball-1-768x576.jpg 768w, https:\/\/deranimateur.at\/wp-content\/uploads\/2009\/12\/beachvolleyball-1.jpg 800w\" sizes=\"auto, (max-width: 180px) 100vw, 180px\" \/><\/p>\n<p>Neben den &#8222;professionellen&#8220; Sporteinheiten gilt es f\u00fcr unsere SportanimateurInnen jedoch auch, jede Menge Spiel und Spa\u00df bei <strong>Beachvolleyball, Bogenschie\u00dfen oder Dart<\/strong> zu vermitteln und die G\u00e4ste bei Turnieren zu H\u00f6chstleistungen mit maximalem Spa\u00dffaktor zu treiben.<\/p>\n<div>\n<p>Wenn du also gerne mit Leuten arbeitest und auch nicht davor zur\u00fcckschreckst, bei 40 Grad Hitze noch die eine oder andere sportliche H\u00f6chstleistung zu erbringen, dann bist du bei uns genau richtig!<\/p>\n<p style=\"text-align: center;\"><a href=\"http:\/\/deranimateur.at\/wp-content\/uploads\/2009\/12\/G_ANI041.jpg\"><img loading=\"lazy\" decoding=\"async\" class=\"size-medium wp-image-420\" title=\"G ANI04\" src=\"http:\/\/deranimateur.at\/wp-content\/uploads\/2009\/12\/G_ANI041-300x205.jpg\" alt=\"\" width=\"300\" height=\"205\" \/><\/a><\/p>\n<\/div>\n","protected":false},"excerpt":{"rendered":"<p>Um als SportanimateurIn arbeiten zu k\u00f6nnen, ist es erforderlich, eine Ausbildung in einer oder mehreren Sportarten zu besitzen. Wenn du also gepr\u00fcfter Nordic Walking Guide, Mountainbiketrainer oder Fitnesscoach bist, wenn du eine Aerobic- oder Tanzausbildung hast oder fertiger Sportlehrer bist, dann kannst du hier in einer einzigartigen Naturkulisse dein Hobby zum Beruf machen. Wir bieten &hellip; <a href=\"https:\/\/deranimateur.at\/?page_id=86\" class=\"more-link\"><span class=\"screen-reader-text\">Sportanimation<\/span> weiterlesen<\/a><\/p>\n","protected":false},"author":1,"featured_media":0,"parent":239,"menu_order":30,"comment_status":"closed","ping_status":"closed","template":"","meta":{"footnotes":"","_links_to":"","_links_to_target":""},"class_list":["post-86","page","type-page","status-publish","hentry"],"_links":{"self":[{"href":"https:\/\/deranimateur.at\/index.php?rest_route=\/wp\/v2\/pages\/86","targetHints":{"allow":["GET"]}}],"collection":[{"href":"https:\/\/deranimateur.at\/index.php?rest_route=\/wp\/v2\/pages"}],"about":[{"href":"https:\/\/deranimateur.at\/index.php?rest_route=\/wp\/v2\/types\/page"}],"author":[{"embeddable":true,"href":"https:\/\/deranimateur.at\/index.php?rest_route=\/wp\/v2\/users\/1"}],"replies":[{"embeddable":true,"href":"https:\/\/deranimateur.at\/index.php?rest_route=%2Fwp%2Fv2%2Fcomments&post=86"}],"version-history":[{"count":0,"href":"https:\/\/deranimateur.at\/index.php?rest_route=\/wp\/v2\/pages\/86\/revisions"}],"up":[{"embeddable":true,"href":"https:\/\/deranimateur.at\/index.php?rest_route=\/wp\/v2\/pages\/239"}],"wp:attachment":[{"href":"https:\/\/deranimateur.at\/index.php?rest_route=%2Fwp%2Fv2%2Fmedia&parent=86"}],"curies":[{"name":"wp","href":"https:\/\/api.w.org\/{rel}","templated":true}]}}