{"id":85,"date":"2009-12-22T17:59:13","date_gmt":"2009-12-22T16:59:13","guid":{"rendered":"http:\/\/deranimateur.at\/?page_id=85"},"modified":"2009-12-22T17:59:13","modified_gmt":"2009-12-22T16:59:13","slug":"kinderanimation","status":"publish","type":"page","link":"https:\/\/deranimateur.at\/?page_id=85","title":{"rendered":"Kinderanimation"},"content":{"rendered":"<p><a href=\"http:\/\/deranimateur.at\/wp-content\/uploads\/2009\/12\/kinder-2.jpg\"><img loading=\"lazy\" decoding=\"async\" class=\"alignright size-medium wp-image-192\" title=\"kinder-2\" src=\"http:\/\/deranimateur.at\/wp-content\/uploads\/2009\/12\/kinder-2-300x225.jpg\" alt=\"\" width=\"180\" height=\"135\" srcset=\"https:\/\/deranimateur.at\/wp-content\/uploads\/2009\/12\/kinder-2-300x225.jpg 300w, https:\/\/deranimateur.at\/wp-content\/uploads\/2009\/12\/kinder-2-768x576.jpg 768w, https:\/\/deranimateur.at\/wp-content\/uploads\/2009\/12\/kinder-2.jpg 800w\" sizes=\"auto, (max-width: 180px) 100vw, 180px\" \/><\/a>Kinder ab 3 Jahren k\u00f6nnen in unserem Kinderclub t\u00e4glich 4,5 Stunden lang Spiel, Spa\u00df und Action erleben. Je nach Alter werden sie in 2 verschiedene Gruppen eingeteilt, w\u00e4hrend alle Jugendlichen ab 12 Jahren ihre Interessen und Hobbies im Jugendclub ausleben k\u00f6nnen.<\/p>\n<p>Das Erlebnisprogramm im Kinderclub ist kunterbunt und es kommt auf deine Kreativit\u00e4t und Eigeninitiative an, wie gut das Programm wird und wie viel Spa\u00df die Kinder und letztlich auch du selbst daran hast. Die Palette reicht von Action, Sport und Spiel \u00fcber kreative Bet\u00e4tigungen bis hin zu Poolpartys und Kindershows.<\/p>\n<p>Freu dich also auf eine spannende, erlebnisreiche Zeit mit &#8222;deinen Kids&#8220;, die dich nach ihrem Urlaub sicherlich nicht so schnell vergessen werden.<\/p>\n<h2>3 &#8211; 6 Jahre<\/h2>\n<p><a href=\"http:\/\/deranimateur.at\/wp-content\/uploads\/2009\/12\/kinder-1.jpg\"><img loading=\"lazy\" decoding=\"async\" class=\"alignright size-medium wp-image-191\" title=\"kinder-1\" src=\"http:\/\/deranimateur.at\/wp-content\/uploads\/2009\/12\/kinder-1-300x225.jpg\" alt=\"\" width=\"180\" height=\"135\" srcset=\"https:\/\/deranimateur.at\/wp-content\/uploads\/2009\/12\/kinder-1-300x225.jpg 300w, https:\/\/deranimateur.at\/wp-content\/uploads\/2009\/12\/kinder-1-768x576.jpg 768w, https:\/\/deranimateur.at\/wp-content\/uploads\/2009\/12\/kinder-1.jpg 800w\" sizes=\"auto, (max-width: 180px) 100vw, 180px\" \/><\/a>F\u00fcr diese Altersgruppe gibt es ein vielf\u00e4ltiges Programm aus Basteln, Malen, Spielen und &#8222;die Welt entdecken&#8220;. Ob am Indianertag als Squaw oder am &#8222;Magic Day&#8220; als Zauberer, es liegt an dir, die Kleinsten zu verzaubern und ihre Augen zum Leuchten zu bringen.<\/p>\n<p>Als kleine Einstiegshilfe bekommst du nat\u00fcrlich auf unserem Ausbildungsseminar noch viele Tipps und Tricks zur Gestaltung solcher Thementage und Kinderprogramme bzw. wertvolle Hinweise zum richtigen Umgang mit den Kleinsten.<\/p>\n<p>Doch wenn du Freude und Spa\u00df an der Arbeit mit Kindern hast, dann kann im Grunde genommen gar nichts mehr schief gehen und dich erwartet ein unvergesslicher Sommer mit deinen Kids.<\/p>\n<h2>7 &#8211; 11 Jahre<\/h2>\n<p><a href=\"http:\/\/deranimateur.at\/wp-content\/uploads\/2009\/12\/BolBretanideDjeca5956.jpg\"><img loading=\"lazy\" decoding=\"async\" class=\"alignright  wp-image-416\" title=\"BolBretanideDjeca5956\" src=\"http:\/\/deranimateur.at\/wp-content\/uploads\/2009\/12\/BolBretanideDjeca5956-300x200.jpg\" alt=\"\" width=\"180\" height=\"120\" srcset=\"https:\/\/deranimateur.at\/wp-content\/uploads\/2009\/12\/BolBretanideDjeca5956-300x200.jpg 300w, https:\/\/deranimateur.at\/wp-content\/uploads\/2009\/12\/BolBretanideDjeca5956-1024x683.jpg 1024w, https:\/\/deranimateur.at\/wp-content\/uploads\/2009\/12\/BolBretanideDjeca5956-768x512.jpg 768w, https:\/\/deranimateur.at\/wp-content\/uploads\/2009\/12\/BolBretanideDjeca5956-1536x1024.jpg 1536w, https:\/\/deranimateur.at\/wp-content\/uploads\/2009\/12\/BolBretanideDjeca5956-2048x1365.jpg 2048w\" sizes=\"auto, (max-width: 180px) 100vw, 180px\" \/><\/a><\/p>\n<p>Das Programm ist voll gepackt mit Action, Games und Sport und du wirst ganz sch\u00f6n gefordert sein, mit der Power dieser wilden Rasselbande mitzuhalten! Doch wer gerade diese Herausforderung sucht oder selbst noch zu den ruhelosen, ungest\u00fcmen Wesen z\u00e4hlt, der ist bei unseren &#8222;Mittleren&#8220; genau richtig und wird so Einiges mit ihnen erleben!<\/p>\n<p>Nat\u00fcrlich geben wir dir auch hier im Vorfeld noch viele Ideen und Anregungen zur Gestaltung deiner Programme, damit du dann trotz des Feuers der Kids und der Hitze des S\u00fcdens stets k\u00fchlen Kopf bewahrst.<\/p>\n<h2>12 &#8211; 18 Jahre<\/h2>\n<p><a href=\"http:\/\/deranimateur.at\/wp-content\/uploads\/2009\/12\/kinder-3.jpg\"><img loading=\"lazy\" decoding=\"async\" class=\"alignright  wp-image-193\" title=\"kinder-3\" src=\"http:\/\/deranimateur.at\/wp-content\/uploads\/2009\/12\/kinder-3-300x225.jpg\" alt=\"\" width=\"180\" height=\"135\" srcset=\"https:\/\/deranimateur.at\/wp-content\/uploads\/2009\/12\/kinder-3-300x225.jpg 300w, https:\/\/deranimateur.at\/wp-content\/uploads\/2009\/12\/kinder-3-768x576.jpg 768w, https:\/\/deranimateur.at\/wp-content\/uploads\/2009\/12\/kinder-3.jpg 800w\" sizes=\"auto, (max-width: 180px) 100vw, 180px\" \/><\/a><\/p>\n<p>Doch du wirst sehen, die Launen der Jugendlichen sind grenzenlos! Deshalb musst du flexibel und spontan sein und dich auf die Teenies Tag f\u00fcr Tag neu einstellen.<\/p>\n<p>Doch wenn du ihren &#8222;Hochs und Tiefs&#8220; Spielraum gew\u00e4hrst und ihnen zeigst, dass du mindestens so cool bist wie sie, dann wirst du bald ihre neue Nr. 1 sein und mit ihnen gemeinsam unvergessliche Wochen bei Sport, Action und Chillout unter der Sommersonne Kroatiens erleben.<\/p>\n","protected":false},"excerpt":{"rendered":"<p>Kinder ab 3 Jahren k\u00f6nnen in unserem Kinderclub t\u00e4glich 4,5 Stunden lang Spiel, Spa\u00df und Action erleben. Je nach Alter werden sie in 2 verschiedene Gruppen eingeteilt, w\u00e4hrend alle Jugendlichen ab 12 Jahren ihre Interessen und Hobbies im Jugendclub ausleben k\u00f6nnen. Das Erlebnisprogramm im Kinderclub ist kunterbunt und es kommt auf deine Kreativit\u00e4t und Eigeninitiative &hellip; <a href=\"https:\/\/deranimateur.at\/?page_id=85\" class=\"more-link\"><span class=\"screen-reader-text\">Kinderanimation<\/span> weiterlesen<\/a><\/p>\n","protected":false},"author":1,"featured_media":0,"parent":239,"menu_order":20,"comment_status":"closed","ping_status":"closed","template":"","meta":{"footnotes":"","_links_to":"","_links_to_target":""},"class_list":["post-85","page","type-page","status-publish","hentry"],"_links":{"self":[{"href":"https:\/\/deranimateur.at\/index.php?rest_route=\/wp\/v2\/pages\/85","targetHints":{"allow":["GET"]}}],"collection":[{"href":"https:\/\/deranimateur.at\/index.php?rest_route=\/wp\/v2\/pages"}],"about":[{"href":"https:\/\/deranimateur.at\/index.php?rest_route=\/wp\/v2\/types\/page"}],"author":[{"embeddable":true,"href":"https:\/\/deranimateur.at\/index.php?rest_route=\/wp\/v2\/users\/1"}],"replies":[{"embeddable":true,"href":"https:\/\/deranimateur.at\/index.php?rest_route=%2Fwp%2Fv2%2Fcomments&post=85"}],"version-history":[{"count":0,"href":"https:\/\/deranimateur.at\/index.php?rest_route=\/wp\/v2\/pages\/85\/revisions"}],"up":[{"embeddable":true,"href":"https:\/\/deranimateur.at\/index.php?rest_route=\/wp\/v2\/pages\/239"}],"wp:attachment":[{"href":"https:\/\/deranimateur.at\/index.php?rest_route=%2Fwp%2Fv2%2Fmedia&parent=85"}],"curies":[{"name":"wp","href":"https:\/\/api.w.org\/{rel}","templated":true}]}}