{"id":73,"date":"2009-12-22T17:24:32","date_gmt":"2009-12-22T16:24:32","guid":{"rendered":"http:\/\/deranimateur.at\/?page_id=73"},"modified":"2009-12-22T17:24:32","modified_gmt":"2009-12-22T16:24:32","slug":"zielgebiet-hotel","status":"publish","type":"page","link":"https:\/\/deranimateur.at\/?page_id=73","title":{"rendered":"Zielgebiet &#038; Hotel"},"content":{"rendered":"<p>Dein Zielgebiet ist das <strong>BRETANIDE Sport &amp; Wellness Resort<\/strong> auf der Insel Brac in Kroatien.<br \/>\nDie Insel Brac ist die gr\u00f6\u00dfte Insel in Dalmatien und die drittgr\u00f6\u00dfte Adriainsel. Brac liegt zwischen Split und der Insel Hvar.<\/p>\n<p>Das BRETANIDE Sport &amp; Wellness Resort ist eine gro\u00dfz\u00fcgige, in dalmatinischer Architektur gebaute Hotelanlage und liegt direkt an der Strandpromenade.<br \/>\nWeitere Informationen zu diesem Hotel bzw. eine genaue Hotelbeschreibung findest du unter: <a title=\"Bretanide - Sport &amp; Wellness Resort\" href=\"http:\/\/www.bretanide.at\" target=\"_blank\" rel=\"noopener\">www.bretanide.at<\/a><\/p>\n<p><a href=\"http:\/\/deranimateur.at\/wp-content\/uploads\/2009\/12\/1657da2004.jpg\"><img loading=\"lazy\" decoding=\"async\" class=\"aligncenter size-medium wp-image-267\" title=\"Bretanide Sport und Wellness Resort\" src=\"http:\/\/deranimateur.at\/wp-content\/uploads\/2009\/12\/1657da2004-300x200.jpg\" alt=\"Bretanide Sport und Wellness Resort\" width=\"300\" height=\"200\" srcset=\"https:\/\/deranimateur.at\/wp-content\/uploads\/2009\/12\/1657da2004-300x200.jpg 300w, https:\/\/deranimateur.at\/wp-content\/uploads\/2009\/12\/1657da2004.jpg 600w\" sizes=\"auto, (max-width: 300px) 100vw, 300px\" \/><\/a><\/p>\n","protected":false},"excerpt":{"rendered":"<p>Dein Zielgebiet ist das BRETANIDE Sport &amp; Wellness Resort auf der Insel Brac in Kroatien. Die Insel Brac ist die gr\u00f6\u00dfte Insel in Dalmatien und die drittgr\u00f6\u00dfte Adriainsel. Brac liegt zwischen Split und der Insel Hvar. Das BRETANIDE Sport &amp; Wellness Resort ist eine gro\u00dfz\u00fcgige, in dalmatinischer Architektur gebaute Hotelanlage und liegt direkt an der &hellip; <a href=\"https:\/\/deranimateur.at\/?page_id=73\" class=\"more-link\"><span class=\"screen-reader-text\">Zielgebiet &#038; Hotel<\/span> weiterlesen<\/a><\/p>\n","protected":false},"author":1,"featured_media":0,"parent":0,"menu_order":40,"comment_status":"closed","ping_status":"closed","template":"","meta":{"footnotes":"","_links_to":"","_links_to_target":""},"class_list":["post-73","page","type-page","status-publish","hentry"],"_links":{"self":[{"href":"https:\/\/deranimateur.at\/index.php?rest_route=\/wp\/v2\/pages\/73","targetHints":{"allow":["GET"]}}],"collection":[{"href":"https:\/\/deranimateur.at\/index.php?rest_route=\/wp\/v2\/pages"}],"about":[{"href":"https:\/\/deranimateur.at\/index.php?rest_route=\/wp\/v2\/types\/page"}],"author":[{"embeddable":true,"href":"https:\/\/deranimateur.at\/index.php?rest_route=\/wp\/v2\/users\/1"}],"replies":[{"embeddable":true,"href":"https:\/\/deranimateur.at\/index.php?rest_route=%2Fwp%2Fv2%2Fcomments&post=73"}],"version-history":[{"count":0,"href":"https:\/\/deranimateur.at\/index.php?rest_route=\/wp\/v2\/pages\/73\/revisions"}],"wp:attachment":[{"href":"https:\/\/deranimateur.at\/index.php?rest_route=%2Fwp%2Fv2%2Fmedia&parent=73"}],"curies":[{"name":"wp","href":"https:\/\/api.w.org\/{rel}","templated":true}]}}