{"id":66,"date":"2009-12-22T17:21:39","date_gmt":"2009-12-22T16:21:39","guid":{"rendered":"http:\/\/deranimateur.at\/?page_id=66"},"modified":"2009-12-22T17:21:39","modified_gmt":"2009-12-22T16:21:39","slug":"saisonzeiten-einsatzplanung","status":"publish","type":"page","link":"https:\/\/deranimateur.at\/?page_id=66","title":{"rendered":"Saisonzeiten &#038; Einsatzplanung"},"content":{"rendered":"<p>Die Saison beginnt Ende April und endet Mitte Oktober. Vor Saisonbeginn gibt es ein einw\u00f6chiges, verpflichtendes <strong>Vorbereitungsseminar<\/strong> f\u00fcr alle AnimateurInnen.<br \/>\nDu musst dir also diese 1 Woche (Woche vor Ostern) ganz bestimmt freihalten.<br \/>\nDie Mindesteinsatzzeit betr\u00e4gt 2 Monate.<\/p>\n<p><strong>Du hast du die M\u00f6glichkeit, zwischen 3 Einsatzzeiten zu w\u00e4hlen:\u00a0<\/strong><\/p>\n<ul>\n<li>Ganze Saison (Mitte April bis Mitte Oktober)<\/li>\n<\/ul>\n<ul>\n<li>Nebensaison- und Hauptsaison (Mitte Mai bis Ende September)<\/li>\n<\/ul>\n<ul>\n<li>Hauptsaison (vorwiegend KinderanimateurInnen):\u00a0 Anfang Juli bis Anfang\/Mitte September<\/li>\n<\/ul>\n<p><a href=\"http:\/\/deranimateur.at\/wp-content\/uploads\/2009\/12\/landschaft-6.jpg\"><img loading=\"lazy\" decoding=\"async\" class=\"aligncenter size-medium wp-image-200\" title=\"landschaft-6\" src=\"http:\/\/deranimateur.at\/wp-content\/uploads\/2009\/12\/landschaft-6-300x225.jpg\" alt=\"\" width=\"300\" height=\"225\" srcset=\"https:\/\/deranimateur.at\/wp-content\/uploads\/2009\/12\/landschaft-6-300x225.jpg 300w, https:\/\/deranimateur.at\/wp-content\/uploads\/2009\/12\/landschaft-6-768x576.jpg 768w, https:\/\/deranimateur.at\/wp-content\/uploads\/2009\/12\/landschaft-6.jpg 800w\" sizes=\"auto, (max-width: 300px) 100vw, 300px\" \/><\/a><\/p>\n","protected":false},"excerpt":{"rendered":"<p>Die Saison beginnt Ende April und endet Mitte Oktober. Vor Saisonbeginn gibt es ein einw\u00f6chiges, verpflichtendes Vorbereitungsseminar f\u00fcr alle AnimateurInnen. Du musst dir also diese 1 Woche (Woche vor Ostern) ganz bestimmt freihalten. Die Mindesteinsatzzeit betr\u00e4gt 2 Monate. Du hast du die M\u00f6glichkeit, zwischen 3 Einsatzzeiten zu w\u00e4hlen:\u00a0 Ganze Saison (Mitte April bis Mitte Oktober) &hellip; <a href=\"https:\/\/deranimateur.at\/?page_id=66\" class=\"more-link\"><span class=\"screen-reader-text\">Saisonzeiten &#038; Einsatzplanung<\/span> weiterlesen<\/a><\/p>\n","protected":false},"author":1,"featured_media":0,"parent":256,"menu_order":30,"comment_status":"closed","ping_status":"closed","template":"","meta":{"footnotes":"","_links_to":"","_links_to_target":""},"class_list":["post-66","page","type-page","status-publish","hentry"],"_links":{"self":[{"href":"https:\/\/deranimateur.at\/index.php?rest_route=\/wp\/v2\/pages\/66","targetHints":{"allow":["GET"]}}],"collection":[{"href":"https:\/\/deranimateur.at\/index.php?rest_route=\/wp\/v2\/pages"}],"about":[{"href":"https:\/\/deranimateur.at\/index.php?rest_route=\/wp\/v2\/types\/page"}],"author":[{"embeddable":true,"href":"https:\/\/deranimateur.at\/index.php?rest_route=\/wp\/v2\/users\/1"}],"replies":[{"embeddable":true,"href":"https:\/\/deranimateur.at\/index.php?rest_route=%2Fwp%2Fv2%2Fcomments&post=66"}],"version-history":[{"count":0,"href":"https:\/\/deranimateur.at\/index.php?rest_route=\/wp\/v2\/pages\/66\/revisions"}],"up":[{"embeddable":true,"href":"https:\/\/deranimateur.at\/index.php?rest_route=\/wp\/v2\/pages\/256"}],"wp:attachment":[{"href":"https:\/\/deranimateur.at\/index.php?rest_route=%2Fwp%2Fv2%2Fmedia&parent=66"}],"curies":[{"name":"wp","href":"https:\/\/api.w.org\/{rel}","templated":true}]}}