{"id":131,"date":"2009-12-22T19:23:39","date_gmt":"2009-12-22T18:23:39","guid":{"rendered":"http:\/\/deranimateur.at\/?page_id=131"},"modified":"2009-12-22T19:23:39","modified_gmt":"2009-12-22T18:23:39","slug":"other-languages","status":"publish","type":"page","link":"https:\/\/deranimateur.at\/?page_id=131","title":{"rendered":"Other Languages"},"content":{"rendered":"<h2>English<\/h2>\n<p>Dear Applicant,<\/p>\n<p>our animation program is exclusive in German language and therefore\u00a0 it is necessary that you send your application in German. You will find details on our homepage.\u00a0 If you have any problems you can contact us under <a href=\"mailto:personal@gruberreisen.at\">personal@gruberreisen.at<\/a>.<\/p>\n<p>Best Regards<\/p>\n<h2>Hrvatski<\/h2>\n<p>Animacija-Informacija-Prijava<\/p>\n<p>\u0160tovani zainteresirani!<\/p>\n<p>Na\u0161 animacijski program se odvija isklju\u010divo na njema\u010dkom jeziku \u2013 stoga Vas molimo da Va\u0161e upite ili prijave na na\u0161 website \u0161aljete isklju\u010divo na njema\u010dkom jeziku. Ako imate pote\u0161ko\u010da s njema\u010dkim jezikom ili druga pitanja mo\u017eete nas osobno kontaktirati &#8211; <a href=\"mailto:personal@gruberreisen.at\">personal@gruberreisen.at<\/a>.<\/p>\n<p>Najljep\u0161a hvala!<\/p>\n<h2>Sloven\u0161\u010dina<\/h2>\n<p>Animacija-Informacija-Prijava<\/p>\n<p>Spo\u0161tovani interesenti!<\/p>\n<p>Na\u0161 animacijski program se odvija isklu\u010dno na nem\u0161kem jeziku \u2013 zaradi tega Vas prosimo da se informirate ali prijavljate na na\u0161o spletno stran isklu\u010dno na nem\u0161kem jeziku. \u010ce imate te\u017eave z nem\u0161kim jezikom ali druga vpra\u0161anja nas lahko osebno kontaktirate\u00a0 &#8211; <a href=\"mailto:personal@gruberreisen.at\">personal@gruberreisen.at<\/a>.<\/p>\n<p>Najlep\u0161a hvala!<\/p>\n<h2>Magyar<\/h2>\n<p>Anim\u00e1ci\u00f3 \u2013 Inform\u00e1ci\u00f3 \u2013 P\u00e1ly\u00e1zat<\/p>\n<p>Kedves \u00c9rdekl\u0151d\u0151!<\/p>\n<p>Anim\u00e1ci\u00f3s programunk kiz\u00e1r\u00f3lak n\u00e9met nyelven t\u00f6rt\u00e9nik \u2013 ez\u00e9rt k\u00e9r\u00fcnk, az inform\u00e1ci\u00f3kat n\u00e9met nyelv\u0171 honlapunkon is olvasd el, illetve p\u00e1ly\u00e1zatodat is itt adhatod le. Nyelvi probl\u00e9m\u00e1kkal, vagy k\u00e9rd\u00e9seiddel fordulj bizalommal hozz\u00e1nk \u2013 az <a href=\"mailto:personal@gruberreisen.at\">personal@gruberreisen.at<\/a> c\u00edmen.<\/p>\n<p>K\u00f6sz\u00f6nj\u00fck!<\/p>\n<h2>\u010cesky<\/h2>\n<p>Animace \u2013 Informace \u2013 \u017d\u00e1dost o pr\u00e1ci<\/p>\n<p>Mil\u00fd z\u00e1jemce!<\/p>\n<p>N\u00e1\u0161 program animace prob\u00edh\u00e1 jenom v jezyku n\u011bmeckom \u2013 proto \u0165e \u017e\u00e1d\u00e1me, abys se informoval, p\u0159\u00edpadn\u011b podal \u017e\u00e1dost o pr\u00e1ci na na\u0161\u00ed webov\u00e9 str\u00e1nce. V p\u0159\u00edpade jezykov\u00fdch komplikac\u00ed, neboli ot\u00e1zek, se na n\u00e1s m\u016f\u017ee\u0161 kdykoli obr\u00e1tit: <a href=\"mailto:personal@gruberreisen.at\">personal@gruberreisen.at<\/a>.<\/p>\n<p>\u010e\u011bkujem!<\/p>\n<h2>Sloven\u010dina<\/h2>\n<p>Anim\u00e1cia \u2013 Inform\u00e1cie \u2013 Ziados\u0165 o pr\u00e1cu<\/p>\n<p>Mil\u00fd z\u00e1ujemca!<\/p>\n<p>N\u00e1\u0161 anima\u010dn\u00fd program prebieha v\u00fdlu\u010dne v nemeckom jazyku \u2013 preto \u0165a \u017eiadame, aby si sa informoval, pr\u00edpadne podal \u017eiados\u0165 o pr\u00e1cu na na\u0161ej webovej str\u00e1nke. V pr\u00edpade jazykov\u00fdch komplik\u00e1cii, \u010di ot\u00e1zok, sa na n\u00e1s m\u00f4\u017ee\u0161 kedyko\u013evek obr\u00e1ti\u0165: <a href=\"mailto:personal@gruberreisen.at\">personal@gruberreisen.at<\/a>.<\/p>\n<p>\u010eakujeme!<\/p>\n","protected":false},"excerpt":{"rendered":"<p>English Dear Applicant, our animation program is exclusive in German language and therefore\u00a0 it is necessary that you send your application in German. You will find details on our homepage.\u00a0 If you have any problems you can contact us under personal@gruberreisen.at. Best Regards Hrvatski Animacija-Informacija-Prijava \u0160tovani zainteresirani! Na\u0161 animacijski program se odvija isklju\u010divo na njema\u010dkom &hellip; <a href=\"https:\/\/deranimateur.at\/?page_id=131\" class=\"more-link\"><span class=\"screen-reader-text\">Other Languages<\/span> weiterlesen<\/a><\/p>\n","protected":false},"author":1,"featured_media":0,"parent":0,"menu_order":50,"comment_status":"closed","ping_status":"closed","template":"","meta":{"footnotes":"","_links_to":"","_links_to_target":""},"class_list":["post-131","page","type-page","status-publish","hentry"],"_links":{"self":[{"href":"https:\/\/deranimateur.at\/index.php?rest_route=\/wp\/v2\/pages\/131","targetHints":{"allow":["GET"]}}],"collection":[{"href":"https:\/\/deranimateur.at\/index.php?rest_route=\/wp\/v2\/pages"}],"about":[{"href":"https:\/\/deranimateur.at\/index.php?rest_route=\/wp\/v2\/types\/page"}],"author":[{"embeddable":true,"href":"https:\/\/deranimateur.at\/index.php?rest_route=\/wp\/v2\/users\/1"}],"replies":[{"embeddable":true,"href":"https:\/\/deranimateur.at\/index.php?rest_route=%2Fwp%2Fv2%2Fcomments&post=131"}],"version-history":[{"count":0,"href":"https:\/\/deranimateur.at\/index.php?rest_route=\/wp\/v2\/pages\/131\/revisions"}],"wp:attachment":[{"href":"https:\/\/deranimateur.at\/index.php?rest_route=%2Fwp%2Fv2%2Fmedia&parent=131"}],"curies":[{"name":"wp","href":"https:\/\/api.w.org\/{rel}","templated":true}]}}